{"id":773,"date":"2022-11-08T23:58:31","date_gmt":"2022-11-08T23:58:31","guid":{"rendered":"https:\/\/www.casawalser.org\/?page_id=773"},"modified":"2022-11-08T23:58:31","modified_gmt":"2022-11-08T23:58:31","slug":"chi-siamo","status":"publish","type":"page","link":"https:\/\/casawalser.org\/?page_id=773","title":{"rendered":"Chi siamo"},"content":{"rendered":"\t\t<div data-elementor-type=\"wp-page\" data-elementor-id=\"773\" class=\"elementor elementor-773\" data-elementor-post-type=\"page\">\n\t\t\t\t\t\t<section class=\"elementor-section elementor-top-section elementor-element elementor-element-5f05a55 elementor-section-boxed elementor-section-height-default elementor-section-height-default\" data-id=\"5f05a55\" data-element_type=\"section\" data-settings=\"{&quot;_ha_eqh_enable&quot;:false}\">\n\t\t\t\t\t\t<div class=\"elementor-container elementor-column-gap-default\">\n\t\t\t\t\t<div class=\"elementor-column elementor-col-100 elementor-top-column elementor-element elementor-element-9271057\" data-id=\"9271057\" data-element_type=\"column\">\n\t\t\t<div class=\"elementor-widget-wrap elementor-element-populated\">\n\t\t\t\t\t\t<div class=\"elementor-element elementor-element-34b8cad elementor-widget elementor-widget-heading\" data-id=\"34b8cad\" data-element_type=\"widget\" data-widget_type=\"heading.default\">\n\t\t\t\t<div class=\"elementor-widget-container\">\n\t\t\t<style>\/*! elementor - v3.21.0 - 18-04-2024 *\/\n.elementor-heading-title{padding:0;margin:0;line-height:1}.elementor-widget-heading .elementor-heading-title[class*=elementor-size-]>a{color:inherit;font-size:inherit;line-height:inherit}.elementor-widget-heading .elementor-heading-title.elementor-size-small{font-size:15px}.elementor-widget-heading .elementor-heading-title.elementor-size-medium{font-size:19px}.elementor-widget-heading .elementor-heading-title.elementor-size-large{font-size:29px}.elementor-widget-heading .elementor-heading-title.elementor-size-xl{font-size:39px}.elementor-widget-heading .elementor-heading-title.elementor-size-xxl{font-size:59px}<\/style><h1 class=\"elementor-heading-title elementor-size-default\">Chi siamo<\/h1>\t\t<\/div>\n\t\t\t\t<\/div>\n\t\t\t\t\t<\/div>\n\t\t<\/div>\n\t\t\t\t\t<\/div>\n\t\t<\/section>\n\t\t\t\t<section class=\"elementor-section elementor-top-section elementor-element elementor-element-dfa64a1 elementor-section-boxed elementor-section-height-default elementor-section-height-default\" data-id=\"dfa64a1\" data-element_type=\"section\" data-settings=\"{&quot;_ha_eqh_enable&quot;:false}\">\n\t\t\t\t\t\t<div class=\"elementor-container elementor-column-gap-default\">\n\t\t\t\t\t<div class=\"elementor-column elementor-col-100 elementor-top-column elementor-element elementor-element-94d394e\" data-id=\"94d394e\" data-element_type=\"column\">\n\t\t\t<div class=\"elementor-widget-wrap elementor-element-populated\">\n\t\t\t\t\t\t<div class=\"elementor-element elementor-element-eb91605 elementor-widget elementor-widget-text-editor\" data-id=\"eb91605\" data-element_type=\"widget\" data-widget_type=\"text-editor.default\">\n\t\t\t\t<div class=\"elementor-widget-container\">\n\t\t\t<style>\/*! elementor - v3.21.0 - 18-04-2024 *\/\n.elementor-widget-text-editor.elementor-drop-cap-view-stacked .elementor-drop-cap{background-color:#69727d;color:#fff}.elementor-widget-text-editor.elementor-drop-cap-view-framed .elementor-drop-cap{color:#69727d;border:3px solid;background-color:transparent}.elementor-widget-text-editor:not(.elementor-drop-cap-view-default) .elementor-drop-cap{margin-top:8px}.elementor-widget-text-editor:not(.elementor-drop-cap-view-default) .elementor-drop-cap-letter{width:1em;height:1em}.elementor-widget-text-editor .elementor-drop-cap{float:left;text-align:center;line-height:1;font-size:50px}.elementor-widget-text-editor .elementor-drop-cap-letter{display:inline-block}<\/style>\t\t\t\t<p><span style=\"font-weight: 400;\">Casa Walser \u00e8 un progetto culturale in alta quota nato nel 2020 dall\u2019incontro di interessi e passioni di tre amici: Giovanni Bovolin, Federico Zamboni e Brenno Franceschi.<\/span><\/p><p><span style=\"font-weight: 400;\">Il progetto nasce come residenza artistica estiva in Valle d\u2019Aosta nel villaggio di H\u00f2belt\u00e9, a 1807 m s.l.m..<\/span><\/p><p><span style=\"font-weight: 400;\">Propone nuove forme dell\u2019abitare la montagna, promuovendo un\u2019indagine collettiva e trasversale del paesaggio che assuma uno sguardo critico dal punto di vista naturalistico, antropologico, architettonico e archeologico.\u00a0<\/span><\/p><p><span style=\"font-weight: 400;\">L\u2019obiettivo alla base del progetto \u00e8 di aprire le porte dell\u2019antico villaggio walser ad artiste e artisti per ampliare gli orizzonti della propria ricerca, a favore di un arricchimento reciproco con il luogo. Per ricercare una sinergia tra gli elementi naturali &#8211; bios &#8211; e gli elementi artificiali &#8211; antropos &#8211; che convivono nel paesaggio di montagna, ci affidiamo alle conoscenze di esperti in vari ambiti, sia scientifici che umanistici.\u00a0<\/span><\/p><p><span style=\"font-weight: 400;\">La pratica del camminare, del percorrere il sentiero che attraversa il villaggio per raggiungere altre mete, si coniuga all\u2019esperienza abitativa collettiva in un luogo statico. Camminando \u00e8 possibile modificare il proprio sguardo, cos\u00ec come abitando a H\u00f2belt\u00e9 \u00e8 possibile modificare &#8211; ritrasformare &#8211;\u00a0 il luogo.\u00a0<\/span><\/p><p><span style=\"font-weight: 400;\">I tanti vuoti presenti, le rovine di un abitare umano risalente ormai al secolo scorso, si traducono in un archivio di oggetti raccolti, raccontati, disegnati o costruiti. Una struttura in espansione che &#8211; anno per anno &#8211; si affiancher\u00e0 alle tre baite in pietra: una casa di racconti, immagini e ispirazioni.<\/span><\/p>\t\t\t\t\t\t<\/div>\n\t\t\t\t<\/div>\n\t\t\t\t\t<\/div>\n\t\t<\/div>\n\t\t\t\t\t<\/div>\n\t\t<\/section>\n\t\t\t\t<section class=\"elementor-section elementor-top-section elementor-element elementor-element-86cfc55 elementor-section-full_width elementor-section-height-min-height elementor-section-height-default elementor-section-items-middle\" data-id=\"86cfc55\" data-element_type=\"section\" data-settings=\"{&quot;_ha_eqh_enable&quot;:false}\">\n\t\t\t\t\t\t<div class=\"elementor-container elementor-column-gap-default\">\n\t\t\t\t\t<div class=\"elementor-column elementor-col-33 elementor-top-column elementor-element elementor-element-83c394b\" data-id=\"83c394b\" data-element_type=\"column\">\n\t\t\t<div class=\"elementor-widget-wrap elementor-element-populated\">\n\t\t\t\t\t\t<div class=\"elementor-element elementor-element-a14126b elementor-widget elementor-widget-image\" data-id=\"a14126b\" data-element_type=\"widget\" data-widget_type=\"image.default\">\n\t\t\t\t<div class=\"elementor-widget-container\">\n\t\t\t<style>\/*! elementor - v3.21.0 - 18-04-2024 *\/\n.elementor-widget-image{text-align:center}.elementor-widget-image a{display:inline-block}.elementor-widget-image a img[src$=\".svg\"]{width:48px}.elementor-widget-image img{vertical-align:middle;display:inline-block}<\/style>\t\t\t\t\t\t\t\t\t\t<img fetchpriority=\"high\" decoding=\"async\" width=\"1024\" height=\"1024\" src=\"https:\/\/casawalser.org\/wp-content\/uploads\/2023\/01\/Montagna-corretta-1-1024x1024.png\" class=\"attachment-large size-large wp-image-2390\" alt=\"\" srcset=\"https:\/\/casawalser.org\/wp-content\/uploads\/2023\/01\/Montagna-corretta-1-1024x1024.png 1024w, https:\/\/casawalser.org\/wp-content\/uploads\/2023\/01\/Montagna-corretta-1-300x300.png 300w, https:\/\/casawalser.org\/wp-content\/uploads\/2023\/01\/Montagna-corretta-1-150x150.png 150w, https:\/\/casawalser.org\/wp-content\/uploads\/2023\/01\/Montagna-corretta-1-768x768.png 768w, https:\/\/casawalser.org\/wp-content\/uploads\/2023\/01\/Montagna-corretta-1-1536x1536.png 1536w, https:\/\/casawalser.org\/wp-content\/uploads\/2023\/01\/Montagna-corretta-1-2048x2048.png 2048w\" sizes=\"(max-width: 1024px) 100vw, 1024px\" \/>\t\t\t\t\t\t\t\t\t\t\t\t\t<\/div>\n\t\t\t\t<\/div>\n\t\t\t\t\t<\/div>\n\t\t<\/div>\n\t\t\t\t<div class=\"elementor-column elementor-col-33 elementor-top-column elementor-element elementor-element-813781e\" data-id=\"813781e\" data-element_type=\"column\">\n\t\t\t<div class=\"elementor-widget-wrap elementor-element-populated\">\n\t\t\t\t\t\t<div class=\"elementor-element elementor-element-f7fa460 elementor-widget elementor-widget-image\" data-id=\"f7fa460\" data-element_type=\"widget\" data-widget_type=\"image.default\">\n\t\t\t\t<div class=\"elementor-widget-container\">\n\t\t\t\t\t\t\t\t\t\t\t\t\t<img decoding=\"async\" width=\"1024\" height=\"1024\" src=\"https:\/\/casawalser.org\/wp-content\/uploads\/2023\/01\/Icona-cuore-3-1-1-1024x1024.png\" class=\"attachment-large size-large wp-image-2360\" alt=\"\" srcset=\"https:\/\/casawalser.org\/wp-content\/uploads\/2023\/01\/Icona-cuore-3-1-1-1024x1024.png 1024w, https:\/\/casawalser.org\/wp-content\/uploads\/2023\/01\/Icona-cuore-3-1-1-300x300.png 300w, https:\/\/casawalser.org\/wp-content\/uploads\/2023\/01\/Icona-cuore-3-1-1-150x150.png 150w, https:\/\/casawalser.org\/wp-content\/uploads\/2023\/01\/Icona-cuore-3-1-1-768x768.png 768w, https:\/\/casawalser.org\/wp-content\/uploads\/2023\/01\/Icona-cuore-3-1-1-1536x1536.png 1536w, https:\/\/casawalser.org\/wp-content\/uploads\/2023\/01\/Icona-cuore-3-1-1-2048x2048.png 2048w\" sizes=\"(max-width: 1024px) 100vw, 1024px\" \/>\t\t\t\t\t\t\t\t\t\t\t\t\t<\/div>\n\t\t\t\t<\/div>\n\t\t\t\t\t<\/div>\n\t\t<\/div>\n\t\t\t\t<div class=\"elementor-column elementor-col-33 elementor-top-column elementor-element elementor-element-95c4457\" data-id=\"95c4457\" data-element_type=\"column\">\n\t\t\t<div class=\"elementor-widget-wrap elementor-element-populated\">\n\t\t\t\t\t\t<div class=\"elementor-element elementor-element-3d69e4a elementor-widget elementor-widget-image\" data-id=\"3d69e4a\" data-element_type=\"widget\" data-widget_type=\"image.default\">\n\t\t\t\t<div class=\"elementor-widget-container\">\n\t\t\t\t\t\t\t\t\t\t\t\t\t<img decoding=\"async\" width=\"1024\" height=\"1024\" src=\"https:\/\/casawalser.org\/wp-content\/uploads\/2023\/01\/Icona-casetta-1-1024x1024.png\" class=\"attachment-large size-large wp-image-2373\" alt=\"\" srcset=\"https:\/\/casawalser.org\/wp-content\/uploads\/2023\/01\/Icona-casetta-1-1024x1024.png 1024w, https:\/\/casawalser.org\/wp-content\/uploads\/2023\/01\/Icona-casetta-1-300x300.png 300w, https:\/\/casawalser.org\/wp-content\/uploads\/2023\/01\/Icona-casetta-1-150x150.png 150w, https:\/\/casawalser.org\/wp-content\/uploads\/2023\/01\/Icona-casetta-1-768x768.png 768w, https:\/\/casawalser.org\/wp-content\/uploads\/2023\/01\/Icona-casetta-1-1536x1536.png 1536w, https:\/\/casawalser.org\/wp-content\/uploads\/2023\/01\/Icona-casetta-1-2048x2048.png 2048w\" sizes=\"(max-width: 1024px) 100vw, 1024px\" \/>\t\t\t\t\t\t\t\t\t\t\t\t\t<\/div>\n\t\t\t\t<\/div>\n\t\t\t\t\t<\/div>\n\t\t<\/div>\n\t\t\t\t\t<\/div>\n\t\t<\/section>\n\t\t\t\t<section class=\"elementor-section elementor-top-section elementor-element elementor-element-e31bfab elementor-section-boxed elementor-section-height-default elementor-section-height-default\" data-id=\"e31bfab\" data-element_type=\"section\" data-settings=\"{&quot;_ha_eqh_enable&quot;:false}\">\n\t\t\t\t\t\t<div class=\"elementor-container elementor-column-gap-default\">\n\t\t\t\t\t<div class=\"elementor-column elementor-col-100 elementor-top-column elementor-element elementor-element-9ed41c0\" data-id=\"9ed41c0\" data-element_type=\"column\">\n\t\t\t<div class=\"elementor-widget-wrap elementor-element-populated\">\n\t\t\t\t\t\t<div class=\"elementor-element elementor-element-a033eca elementor-widget elementor-widget-spacer\" data-id=\"a033eca\" data-element_type=\"widget\" data-widget_type=\"spacer.default\">\n\t\t\t\t<div class=\"elementor-widget-container\">\n\t\t\t<style>\/*! elementor - v3.21.0 - 18-04-2024 *\/\n.elementor-column .elementor-spacer-inner{height:var(--spacer-size)}.e-con{--container-widget-width:100%}.e-con-inner>.elementor-widget-spacer,.e-con>.elementor-widget-spacer{width:var(--container-widget-width,var(--spacer-size));--align-self:var(--container-widget-align-self,initial);--flex-shrink:0}.e-con-inner>.elementor-widget-spacer>.elementor-widget-container,.e-con>.elementor-widget-spacer>.elementor-widget-container{height:100%;width:100%}.e-con-inner>.elementor-widget-spacer>.elementor-widget-container>.elementor-spacer,.e-con>.elementor-widget-spacer>.elementor-widget-container>.elementor-spacer{height:100%}.e-con-inner>.elementor-widget-spacer>.elementor-widget-container>.elementor-spacer>.elementor-spacer-inner,.e-con>.elementor-widget-spacer>.elementor-widget-container>.elementor-spacer>.elementor-spacer-inner{height:var(--container-widget-height,var(--spacer-size))}.e-con-inner>.elementor-widget-spacer.elementor-widget-empty,.e-con>.elementor-widget-spacer.elementor-widget-empty{position:relative;min-height:22px;min-width:22px}.e-con-inner>.elementor-widget-spacer.elementor-widget-empty .elementor-widget-empty-icon,.e-con>.elementor-widget-spacer.elementor-widget-empty .elementor-widget-empty-icon{position:absolute;top:0;bottom:0;left:0;right:0;margin:auto;padding:0;width:22px;height:22px}<\/style>\t\t<div class=\"elementor-spacer\">\n\t\t\t<div class=\"elementor-spacer-inner\"><\/div>\n\t\t<\/div>\n\t\t\t\t<\/div>\n\t\t\t\t<\/div>\n\t\t\t\t\t<\/div>\n\t\t<\/div>\n\t\t\t\t\t<\/div>\n\t\t<\/section>\n\t\t\t\t<section class=\"elementor-section elementor-top-section elementor-element elementor-element-ab5f1e9 elementor-section-boxed elementor-section-height-default elementor-section-height-default\" data-id=\"ab5f1e9\" data-element_type=\"section\" data-settings=\"{&quot;_ha_eqh_enable&quot;:false}\">\n\t\t\t\t\t\t<div class=\"elementor-container elementor-column-gap-default\">\n\t\t\t\t\t<div class=\"elementor-column elementor-col-100 elementor-top-column elementor-element elementor-element-e2cef3d\" data-id=\"e2cef3d\" data-element_type=\"column\">\n\t\t\t<div class=\"elementor-widget-wrap elementor-element-populated\">\n\t\t\t\t\t\t<div class=\"elementor-element elementor-element-cf62c27 elementor-widget elementor-widget-heading\" data-id=\"cf62c27\" data-element_type=\"widget\" data-widget_type=\"heading.default\">\n\t\t\t\t<div class=\"elementor-widget-container\">\n\t\t\t<h1 class=\"elementor-heading-title elementor-size-default\">Il team<\/h1>\t\t<\/div>\n\t\t\t\t<\/div>\n\t\t\t\t<div class=\"elementor-element elementor-element-0d33136 elementor-widget elementor-widget-text-editor\" data-id=\"0d33136\" data-element_type=\"widget\" data-widget_type=\"text-editor.default\">\n\t\t\t\t<div class=\"elementor-widget-container\">\n\t\t\t\t\t\t\t<p>Il team di Casa Walser \u00e8 un gruppo eterogeneo di persone aperto alla cooperazione con altre realt\u00e0 affini e al coinvolgimento di nuove energie. Mira a creare una rete che coinvolge chi crede nel progetto e vuole mettersi in gioco.\u00a0<\/p><p>Al momento \u00e8 composto da:<\/p><ul><li>Famiglia Ferrio-Bovolin (ospitanti)<\/li><li>Giovanni Bovolin, Brenno Franceschi, Federico Zamboni (ideatori e organizzatori)<\/li><li>Linda Biella, Alessia Giordano, Marzia Sperandio (grafica, testi e comunicazione)<\/li><li>Mauro (pastore locale e custode del villaggio)<\/li><\/ul>\t\t\t\t\t\t<\/div>\n\t\t\t\t<\/div>\n\t\t\t\t\t<\/div>\n\t\t<\/div>\n\t\t\t\t\t<\/div>\n\t\t<\/section>\n\t\t\t\t<section class=\"elementor-section elementor-top-section elementor-element elementor-element-afa113a elementor-section-boxed elementor-section-height-default elementor-section-height-default\" data-id=\"afa113a\" data-element_type=\"section\" data-settings=\"{&quot;_ha_eqh_enable&quot;:false}\">\n\t\t\t\t\t\t<div class=\"elementor-container elementor-column-gap-default\">\n\t\t\t\t\t<div class=\"elementor-column elementor-col-100 elementor-top-column elementor-element elementor-element-2de6d60\" data-id=\"2de6d60\" data-element_type=\"column\">\n\t\t\t<div class=\"elementor-widget-wrap elementor-element-populated\">\n\t\t\t\t\t\t\t<\/div>\n\t\t<\/div>\n\t\t\t\t\t<\/div>\n\t\t<\/section>\n\t\t\t\t<\/div>\n\t\t","protected":false},"excerpt":{"rendered":"<p>Chi siamo Casa Walser \u00e8 un progetto culturale in alta quota nato nel 2020 dall\u2019incontro di interessi e passioni di [&hellip;]<\/p>\n","protected":false},"author":1,"featured_media":1589,"parent":0,"menu_order":0,"comment_status":"closed","ping_status":"closed","template":"elementor_header_footer","meta":{"_eb_attr":"","site-sidebar-layout":"no-sidebar","site-content-layout":"page-builder","ast-site-content-layout":"","site-content-style":"default","site-sidebar-style":"default","ast-global-header-display":"","ast-banner-title-visibility":"","ast-main-header-display":"","ast-hfb-above-header-display":"","ast-hfb-below-header-display":"","ast-hfb-mobile-header-display":"","site-post-title":"disabled","ast-breadcrumbs-content":"","ast-featured-img":"disabled","footer-sml-layout":"","theme-transparent-header-meta":"","adv-header-id-meta":"","stick-header-meta":"","header-above-stick-meta":"","header-main-stick-meta":"","header-below-stick-meta":"","astra-migrate-meta-layouts":"default","ast-page-background-enabled":"default","ast-page-background-meta":{"desktop":{"background-color":"var(--ast-global-color-4)","background-image":"","background-repeat":"repeat","background-position":"center center","background-size":"auto","background-attachment":"scroll","background-type":"","background-media":"","overlay-type":"","overlay-color":"","overlay-gradient":""},"tablet":{"background-color":"","background-image":"","background-repeat":"repeat","background-position":"center center","background-size":"auto","background-attachment":"scroll","background-type":"","background-media":"","overlay-type":"","overlay-color":"","overlay-gradient":""},"mobile":{"background-color":"","background-image":"","background-repeat":"repeat","background-position":"center center","background-size":"auto","background-attachment":"scroll","background-type":"","background-media":"","overlay-type":"","overlay-color":"","overlay-gradient":""}},"ast-content-background-meta":{"desktop":{"background-color":"var(--ast-global-color-5)","background-image":"","background-repeat":"repeat","background-position":"center center","background-size":"auto","background-attachment":"scroll","background-type":"","background-media":"","overlay-type":"","overlay-color":"","overlay-gradient":""},"tablet":{"background-color":"var(--ast-global-color-5)","background-image":"","background-repeat":"repeat","background-position":"center center","background-size":"auto","background-attachment":"scroll","background-type":"","background-media":"","overlay-type":"","overlay-color":"","overlay-gradient":""},"mobile":{"background-color":"var(--ast-global-color-5)","background-image":"","background-repeat":"repeat","background-position":"center center","background-size":"auto","background-attachment":"scroll","background-type":"","background-media":"","overlay-type":"","overlay-color":"","overlay-gradient":""}},"footnotes":""},"class_list":["post-773","page","type-page","status-publish","has-post-thumbnail","hentry"],"_links":{"self":[{"href":"https:\/\/casawalser.org\/index.php?rest_route=\/wp\/v2\/pages\/773","targetHints":{"allow":["GET"]}}],"collection":[{"href":"https:\/\/casawalser.org\/index.php?rest_route=\/wp\/v2\/pages"}],"about":[{"href":"https:\/\/casawalser.org\/index.php?rest_route=\/wp\/v2\/types\/page"}],"author":[{"embeddable":true,"href":"https:\/\/casawalser.org\/index.php?rest_route=\/wp\/v2\/users\/1"}],"replies":[{"embeddable":true,"href":"https:\/\/casawalser.org\/index.php?rest_route=%2Fwp%2Fv2%2Fcomments&post=773"}],"version-history":[{"count":0,"href":"https:\/\/casawalser.org\/index.php?rest_route=\/wp\/v2\/pages\/773\/revisions"}],"wp:featuredmedia":[{"embeddable":true,"href":"https:\/\/casawalser.org\/index.php?rest_route=\/wp\/v2\/media\/1589"}],"wp:attachment":[{"href":"https:\/\/casawalser.org\/index.php?rest_route=%2Fwp%2Fv2%2Fmedia&parent=773"}],"curies":[{"name":"wp","href":"https:\/\/api.w.org\/{rel}","templated":true}]}}